{"id":119,"date":"2025-08-18T13:43:26","date_gmt":"2025-08-18T11:43:26","guid":{"rendered":"https:\/\/enterprisearkitekt.se\/?page_id=119"},"modified":"2025-09-23T16:23:48","modified_gmt":"2025-09-23T14:23:48","slug":"intressenter","status":"publish","type":"page","link":"https:\/\/enterprisearkitekt.se\/sv\/start\/it-management\/stakeholders\/","title":{"rendered":"Intressenter"},"content":{"rendered":"<h2 class=\"wp-block-heading\">EA:s intressenter<\/h2>\n\n\n\n<p><a>Syftet med detta avsnitt \u00e4r att fastst\u00e4lla enterprisearkitekter som en medlem av den arkitektoniska familjen som representant f\u00f6r IT-ledningen p\u00e5 h\u00f6gsta niv\u00e5. Inom en organisation finns det tre huvudgrupper som enterprisearkitekten kan samarbeta med: 1. organisationens C-niv\u00e5er, som \u00f6verordnade roller i den h\u00f6gsta ledningen, i syfte att samordna strategiska anpassningsinitiativ; 2. andra arkitektroller i syfte att samordna arkitekt\u00e4mnen; och 3. andra roller som universella intressenter till EA.<\/a><\/p>\n\n\n\n<h3 class=\"wp-block-heading\">\u00d6verordnade roller i samarbetet<\/h3>\n\n\n\n<p>I syfte att samordna aff\u00e4rs- och IT-dom\u00e4nernas anpassning, dessutom i ett f\u00f6rs\u00f6k att st\u00f6dja organisationens strategiska initiativ (<a href=\"#_ENREF_1\">Abraham &amp; Aier, 2012<\/a>) f\u00f6rv\u00e4ntas enterprisearkitekten interagera med f\u00f6ljande \u00f6verordnade roller inom organisationen:<\/p>\n\n\n\n<p><strong>VD \/ h\u00f6gsta organisatoriska ledare<\/strong><\/p>\n\n\n\n<p><a href=\"#_ENREF_23\">Zachman (1996)<\/a> konstaterar i sin forskning att organisationsf\u00f6r\u00e4ndringar \u00e4r en stor utmaning f\u00f6r dagens organisationer. F\u00f6ljaktligen b\u00f6r den effektiva verkst\u00e4llande direkt\u00f6ren (VD) \/ h\u00f6gsta organisatoriska ledaren betrakta EA som en organisatorisk resurs och strategisk f\u00f6rm\u00e5ga som nyckeln till aff\u00e4rsframg\u00e5ng (<a href=\"#_ENREF_17\">The Open Group, 2011<\/a>). <a href=\"#_ENREF_13\">Sessioner (2007)<\/a> illustrerar ett aff\u00e4rsfall d\u00e4r den h\u00f6gsta ansvariga organisationsledaren involverar en arkitekt f\u00f6r att utv\u00e4rdera och \u00f6verv\u00e4ga konsekvenserna av det storskaliga f\u00f6r\u00e4ndringsprogrammet, innan ett slutgiltigt beslut om att driva projektet fattas.<\/p>\n\n\n\n<p><strong>Finansdirekt\u00f6ren<\/strong><\/p>\n\n\n\n<p><a href=\"#_ENREF_18\">Uhl &amp; Gollenia (2012)<\/a> beskriver Chief Financial Officers (CFO) huvudsakliga intresse som att skapa f\u00f6ruts\u00e4ttningar f\u00f6r en v\u00e4lfungerande organisation, anv\u00e4nda minsta m\u00f6jliga resurser och maximera resultatet med ett stort intresse f\u00f6r aff\u00e4rstransformationer. Rollen som CFO har enligt <a href=\"#_ENREF_6\">Hommel (2012)<\/a> utvecklats under de senaste \u00e5ren, d\u00e4r rollen kommer att omfatta strategiska och operativa fr\u00e5gor och involvera konsekvenser i riskbed\u00f6mningen f\u00f6r verksamheten.<\/p>\n\n\n\n<p><strong>CIO:n<\/strong><\/p>\n\n\n\n<p><a href=\"#_ENREF_16\">Strano &amp; Rehmani (2007)<\/a>&nbsp;d\u00e4r Chief Information Officer (CIO) beskrivs som en nyckelroll f\u00f6r att s\u00e4kerst\u00e4lla att v\u00e4rden och f\u00f6rdelar fr\u00e5n IS\/IT-investeringar uppfylls, medan enterprisearkitekten i samma sammanhang anses vara s\u00e4rskilt viktig f\u00f6r att identifiera och \u00f6verv\u00e4ga kommande IS\/IT-investeringar i syfte att anpassa IS\/IT-standarderna till aff\u00e4rsstrategin. CIO \u00e4r en viktig akt\u00f6r som m\u00e5ste samarbeta med andra C-niv\u00e5er, h\u00e4vdar <a href=\"#_ENREF_19\">Weinzimer (2015)<\/a>, genom att f\u00f6rst\u00e4rka dessa v\u00e4rden och f\u00f6rdelar som h\u00e4rr\u00f6r fr\u00e5n EA.<\/p>\n\n\n\n<p><strong>Den tekniska direkt\u00f6ren<\/strong><\/p>\n\n\n\n<p><a href=\"#_ENREF_4\">GAO (2006)<\/a> beskriver hur Chief Technology Officer (CTO) bidrar till EA-utvecklingen, fr\u00e4mst f\u00f6r att identifiera m\u00f6jligheter och risker som h\u00e4rr\u00f6r fr\u00e5n tekniken och som p\u00e5verkar verksamheten. Vidare \u00e4r CTO:s roll avsedd att samordna den tekniska milj\u00f6n som omfattar den aff\u00e4rsstrategi som h\u00e4rr\u00f6r fr\u00e5n tekniken (<a href=\"#_ENREF_4\">GAO, 2006<\/a>).<\/p>\n\n\n\n<p><strong>Den operativa chefen<\/strong><\/p>\n\n\n\n<p><a href=\"#_ENREF_3\">Dumas et al (2013)<\/a> definierar Chief Operations (Operating) Officer (COO) som rollen att definiera hur organisationen ska organisera sin verksamhet. Dessutom \u00e4r det vanligt att COO \u00e4r ansvarig f\u00f6r resultatet av aff\u00e4rsprocessernas prestanda. <a href=\"#_ENREF_10\">Murer et al (2011)<\/a> l\u00e4gga till ansvaret f\u00f6r resursplanering, riskhantering och projektportf\u00f6ljen till COO-rollen. <a href=\"#_ENREF_8\">Kickul &amp; Lyons (2012)<\/a> komplettera ansvaret f\u00f6r kvalitetsfr\u00e5gor och framstegen i en leveranskedja, som involverar partners och leverant\u00f6rer f\u00f6r en smidig driftsproduktion.<\/p>\n\n\n\n<h3 class=\"wp-block-heading\">Relaterade arkitektroller i samarbete<\/h3>\n\n\n\n<p>Enligt uppgift fr\u00e5n <a href=\"#_ENREF_15\">Steghuis &amp; Proper (2008)<\/a> informationsarkitekten, processarkitekten, IT-arkitekten, programvaruarkitekten, applikationsarkitekten, finns p\u00e5 arenan f\u00f6r IT Management. <a href=\"#_ENREF_12\">Roeleven &amp; Broer (2009)<\/a> EA-rollerna \u00e4r mer diversifierade och vanligare i stora f\u00f6retag j\u00e4mf\u00f6rt med sm\u00e5 och medelstora organisationer, medan den vanligaste rollen \u00e4r aff\u00e4rsarkitekt. Dessutom \u00e4r <a href=\"#_ENREF_21\">Wieringa et al (2009)<\/a> har identifierat dataarkitekten, arkitekten f\u00f6r teknisk infrastruktur och n\u00e4tverksarkitekten och <a href=\"#_ENREF_7\">IASA (2012)<\/a> l\u00e4gger till Solution Architect i listan \u00f6ver vanliga arkitektroller i samarbetet.<\/p>\n\n\n\n<p><strong>Aff\u00e4rsarkitekten<\/strong><\/p>\n\n\n\n<p>Aff\u00e4rsarkitekten \u00e4r avsedd att samla in aff\u00e4rsbehov fr\u00e5n organisationen, \u00f6vers\u00e4tta strategier till en leveransfokuserad \u00f6verg\u00e5ng, d\u00e4r aff\u00e4rsarkitekturen \u00e4r k\u00e4rnan (<a href=\"#_ENREF_20\">Whelan &amp; Meaden, 2012<\/a>; <a href=\"#_ENREF_22\">Wysocki, 2011<\/a>).<\/p>\n\n\n\n<p><strong>Informationsarkitekten<\/strong><\/p>\n\n\n\n<p>Informationsarkitekten ska vara medveten om den sociotekniska p\u00e5verkan fr\u00e5n data och information, som omfattar aspekter som teknik, kultur och samh\u00e4lle (<a href=\"#_ENREF_11\">Resmini, 2014<\/a>).<\/p>\n\n\n\n<p><strong>IT-arkitekten<\/strong><\/p>\n\n\n\n<p>IT-arkitekten fokuserar p\u00e5 informationstekniken i allm\u00e4nhet och hj\u00e4lper f\u00f6retagsarkitekten med integrationsfr\u00e5gor, medan f\u00f6retagsarkitekten v\u00e4gleder IT-arkitekten med fokus p\u00e5 aff\u00e4rsnytta (<a href=\"#_ENREF_17\">The Open Group, 2011<\/a>).<\/p>\n\n\n\n<p><strong>Dataarkitekten<\/strong><\/p>\n\n\n\n<p>Dataarkitekten arbetar med strukturen f\u00f6r data som anv\u00e4nds av applikationerna och st\u00f6der verksamheten f\u00f6r att bearbeta, lagra och visualisera data (<a href=\"#_ENREF_14\">Snoeck, 2014<\/a>).<\/p>\n\n\n\n<p><strong>Arkitekten f\u00f6r stora datam\u00e4ngder<\/strong><\/p>\n\n\n\n<p>Big Data-arkitekten utg\u00e5r fr\u00e5n dataarkitekten, men har avsl\u00f6jat avancerade analytiska f\u00e4rdigheter, som omfattar teknisk f\u00f6rst\u00e5else och aff\u00e4rskunskap, vilket har betraktats som en s\u00e4llsynt talang av <a href=\"#_ENREF_5\">Grossman &amp; Ross (2012)<\/a>.<\/p>\n\n\n\n<p><strong>L\u00f6sningsarkitekten<\/strong><\/p>\n\n\n\n<p>L\u00f6sningsarkitektens uppdrag \u00e4r att v\u00e4gleda realiseringen av IT-l\u00f6sningar baserade p\u00e5 aff\u00e4rsbehoven, som omfattar flera system. L\u00f6sningsarkitekten \u00e4r avsedd att mogna ramverk om hur man f\u00e5r kunskap om de arkitektoniska ramverkens byggstenar (<a href=\"#_ENREF_24\">Zimmermann &amp; Miksovic, 2012<\/a>).<\/p>\n\n\n\n<h3 class=\"wp-block-heading\">Andra universella intressenter i samarbete<\/h3>\n\n\n\n<p>Eftersom utvecklingen av ett kundcentrerat fokus har p\u00e5b\u00f6rjats \u00e4r enterprisearkitekten t\u00e4nkt att samarbeta med nya roller som v\u00e4xer fram f\u00f6r att st\u00f6dja den kommande framtiden, parallellt med de befintliga, konventionella rollerna som t.ex:<\/p>\n\n\n\n<p><strong>Program- \/ projektledaren (PM)<\/strong><\/p>\n\n\n\n<p>PM \u00e4r, beroende p\u00e5 projektets storlek, ansvarig f\u00f6r att projektet genomf\u00f6rs i tid, inom budget och inom projektets omfattning (<a href=\"#_ENREF_22\">Wysocki, 2011<\/a>).<\/p>\n\n\n\n<p><strong>Business Relationship Manager (BRM)<\/strong><\/p>\n\n\n\n<p>BRM:s roll \u00e4r att samordna kundernas behov och f\u00f6rfr\u00e5gningar med olika tj\u00e4nster som levereras av externa och interna tj\u00e4nsteleverant\u00f6rer (<a href=\"#_ENREF_2\">Brewster, 2014<\/a>). Arkitekten har ett n\u00e4ra samarbete med denna befattning i syfte att finjustera BRM-konceptet.<\/p>\n\n\n\n<p><strong>Chief Data Officer (CDO)<\/strong><\/p>\n\n\n\n<p>CDO ansvarar f\u00f6r verksamhetens masterdatahantering och dess kvalitet, vilket innefattar big data- och business intelligence-plattformar (<a href=\"#_ENREF_9\">Luisi, 2014<\/a>). Eftersom \u00e4gande och data ses som en tillg\u00e5ng och \u00e4r n\u00f6dv\u00e4ndiga att underh\u00e5lla, kommer arkitekterna att dela de \u00f6vergripande EA-aspekterna med CDO.<\/p>\n\n\n\n<p><strong>Chief Customer Officer (CCO)<\/strong><\/p>\n\n\n\n<p>CCO fokuserar p\u00e5 f\u00f6ruts\u00e4ttningarna f\u00f6r att leverera en bra kundupplevelse f\u00f6r att \u00f6ka konkurrensf\u00f6rdelarna (<a href=\"#_ENREF_9\">Luisi, 2014<\/a>), d\u00e4r CCO kommer att samverka med arkitekten f\u00f6r att st\u00f6dja denna funktion.<\/p>\n\n\n\n<p>I detta multidisciplin\u00e4ra arbetsf\u00e4lt f\u00f6r enterprisearkitekten kr\u00e4vs samarbetsf\u00f6rm\u00e5ga, innovativt t\u00e4nkande och samskapande, anpassning och respekt f\u00f6r kollegans kontextuella milj\u00f6 i form av bland annat spr\u00e5k, kulturer och organisationstillh\u00f6righet. Arkitekten \u00e4r avsedd att f\u00f6rst\u00e5 och l\u00f6sa omst\u00e4ndigheter p\u00e5 olika organisatoriska niv\u00e5er, d\u00e4r var och en kr\u00e4ver kunskap och uppm\u00e4rksamhet p\u00e5 det distinkta tillst\u00e5ndet och dess milj\u00f6. I n\u00e4sta avsnitt utforskas enterprisearkitekten som profession. <a href=\"https:\/\/enterprisearkitekt.se\/sv\/start\/it-management\/enterprisearkitektur-som-yrke\/\" title=\"\">G\u00e5 till enterprisearkitekt som yrke<\/a>.<\/p>\n\n\n\n<p><\/p>\n\n\n\n<p><\/p>\n\n\n\n<div class=\"wp-block-buttons is-content-justification-right is-layout-flex wp-container-core-buttons-is-layout-d445cf74 wp-block-buttons-is-layout-flex\">\n<div class=\"wp-block-button\"><a class=\"wp-block-button__link wp-element-button\" href=\"https:\/\/enterprisearkitekt.se\/sv\/start\/it-management\/enterprisearkitektur-som-yrke\/\">G\u00e5 till EA som yrke<\/a><\/div>\n<\/div>\n\n\n\n<p><\/p>\n\n\n\n<p><\/p>\n\n\n\n<hr class=\"wp-block-separator has-alpha-channel-opacity\"\/>\n\n\n\n<p><strong>Sidh\u00e4nvisningar:<\/strong><\/p>\n\n\n\n<p style=\"margin-top:4px;margin-bottom:4px\"><\/p>\n\n\n\n<p style=\"margin-top:4px;margin-bottom:4px\"><a id=\"_ENREF_1\">Abraham, R., &amp; Aier, S. (2012). <em>Ut\u00f6kning av Enterprise Architecture Management till en samordningstj\u00e4nst f\u00f6r hela f\u00f6retaget.<\/em> Gallen, Schweiz: Institute of Information Management, University of St. Gallen.<\/a><\/p>\n\n\n\n<p style=\"margin-top:4px;margin-bottom:4px\"><a id=\"_ENREF_2\">Brewster, E. (2014). <em>Business Relationship Manager: Karri\u00e4r inom IT Service Management<\/em>. Swindon, Storbritannien: BCS Learning &amp; Development Ltd.<\/a><\/p>\n\n\n\n<p style=\"margin-top:4px;margin-bottom:4px\"><a id=\"_ENREF_3\">Dumas, M., La Rosa, M., Mendling, J., &amp; Reijers, H. A. (2013). <em>Grunderna i Business Process Management<\/em>. Dordrecht: Dordrecht Springer.<\/a><\/p>\n\n\n\n<p style=\"margin-top:4px;margin-bottom:4px\"><a id=\"_ENREF_4\">GAO. (2006). <em>F\u00f6retagsarkitektur: Ledarskap \u00e4r fortfarande nyckeln till att etablera och utnyttja arkitekturer f\u00f6r organisatorisk omvandling.<\/em> USA:s regerings kontor f\u00f6r redovisningsfr\u00e5gor.<\/a><\/p>\n\n\n\n<p style=\"margin-top:4px;margin-bottom:4px\"><a id=\"_ENREF_5\">Grossman, K. W., &amp; Ross, D. (2012). <em>Handbok i teknisk jobbjakt: karri\u00e4rplanering f\u00f6r tekniska yrkesgrupper<\/em>. New York: Apress.<\/a><\/p>\n\n\n\n<p style=\"margin-top:4px;margin-bottom:4px\"><a id=\"_ENREF_6\">Hommel, U. (2012). <em>Den strategiska CFO:n: att skapa v\u00e4rde i en dynamisk marknadsmilj\u00f6<\/em>. <\/a>Heidelberg; Berlin: Springer.<\/p>\n\n\n\n<p style=\"margin-top:4px;margin-bottom:4px\"><a id=\"_ENREF_7\">IASA. (2012). IT-relaterade arkitektroller i Sverige. <\/a><a href=\"http:\/\/www.iasa.se\/wp-content\/uploads\/2012\/05\/IASA-Arkitektroller-2012.pdf\">http:\/\/www.iasa.se\/wp-content\/uploads\/2012\/05\/IASA-Arkitektroller-2012.pdf<\/a><\/p>\n\n\n\n<p style=\"margin-top:4px;margin-bottom:4px\"><a id=\"_ENREF_8\">Kickul, J. R., &amp; Lyons, T. S. (2012). <em>F\u00f6rst\u00e5 socialt entrepren\u00f6rskap: den obevekliga str\u00e4van efter uppdrag i en st\u00e4ndigt f\u00f6r\u00e4nderlig v\u00e4rld<\/em>. New York: Routledge.<\/a><\/p>\n\n\n\n<p style=\"margin-top:4px;margin-bottom:4px\"><a id=\"_ENREF_9\">Luisi, J. V. (2014). <em>Pragmatisk f\u00f6retagsarkitektur: strategier f\u00f6r att omvandla informationssystem i en tid av stora datam\u00e4ngder<\/em>. Amsterdam: Morgan Kaufmann, ett imprint av Elsevier.<\/a><\/p>\n\n\n\n<p style=\"margin-top:4px;margin-bottom:4px\"><a id=\"_ENREF_10\">Murer, S., Bonati, B., &amp; Furrer, F. J. (2011). <em>Hanterad evolution: en strategi f\u00f6r mycket stora informationssystem<\/em>. Heidelberg; Berlin: Springer.<\/a><\/p>\n\n\n\n<p style=\"margin-top:4px;margin-bottom:4px\"><a id=\"_ENREF_11\">Resmini, A. (2014). <em>Omformulering av informationsarkitektur<\/em>. Cham: Springer.<\/a><\/p>\n\n\n\n<p style=\"margin-top:4px;margin-bottom:4px\"><a id=\"_ENREF_12\">Roeleven, S., &amp; Broer, J. (2009). <em>Varf\u00f6r tv\u00e5 tredjedelar av Enterprise Architecture-projekten misslyckas.<\/em> Saarbr\u00fccken, Tyskland: IDS Scheer AG.<\/a><\/p>\n\n\n\n<p style=\"margin-top:4px;margin-bottom:4px\"><a id=\"_ENREF_13\">Sessions, R. (2007). <em>J\u00e4mf\u00f6relse av de fyra b\u00e4sta metoderna f\u00f6r f\u00f6retagsarkitektur.<\/em> Object Watch Inc.<\/a><\/p>\n\n\n\n<p style=\"margin-top:4px;margin-bottom:4px\"><a id=\"_ENREF_14\">Snoeck, M. (2014). <em>Teknik f\u00f6r f\u00f6retagsinformationssystem: MERODE-metoden<\/em>. Cham: Springer International Publishing, Cham.<\/a><\/p>\n\n\n\n<p style=\"margin-top:4px;margin-bottom:4px\"><a id=\"_ENREF_15\">Steghuis, C., &amp; Proper, E. (2008). Kompetenser och ansvarsomr\u00e5den f\u00f6r f\u00f6retagsarkitekter - en tusenkonstn\u00e4r? I J. L. G. Dietz, A. Albani, &amp; J. Barjis (Eds.), <em>Framsteg inom f\u00f6retagsteknik I<\/em> (Vol. 10, ss. 93-107). Berlin, Heidelberg: Springer.<\/a><\/p>\n\n\n\n<p style=\"margin-top:4px;margin-bottom:4px\"><a id=\"_ENREF_16\">Strano, C., &amp; Rehmani, Q. (2007). F\u00f6retagsarkitektens roll. <em>Informationssystem och e-Business Management, 5<\/em>(4), ss: 379-396, doi:10.1007\/s10257-007-0053-1.<\/a><\/p>\n\n\n\n<p style=\"margin-top:4px;margin-bottom:4px\"><a id=\"_ENREF_17\">The Open Group. (2011). TOGAF ver 9.1.<\/a><\/p>\n\n\n\n<p style=\"margin-top:4px;margin-bottom:4px\"><a id=\"_ENREF_18\">Uhl, A., &amp; Gollenia, L. A. (2012). <em>En handbok i metodik f\u00f6r hantering av aff\u00e4rsomvandling<\/em>. Burlington, VT; Farnham: Gower.<\/a><\/p>\n\n\n\n<p style=\"margin-top:4px;margin-bottom:4px\"><a id=\"_ENREF_19\">Weinzimer, P. (2015). <em>Den strategiska CIO:n: Att f\u00f6r\u00e4ndra dynamiken i aff\u00e4rsverksamheten<\/em>. Hoboken: Taylor och Francis.<\/a><\/p>\n\n\n\n<p style=\"margin-top:4px;margin-bottom:4px\"><a id=\"_ENREF_20\">Whelan, J., &amp; Meaden, G. (2012). <em>Aff\u00e4rsarkitektur: en praktisk guide<\/em>. Burlington: Gower Publishing Limited.<\/a><\/p>\n\n\n\n<p style=\"margin-top:4px;margin-bottom:4px\"><a id=\"_ENREF_21\">Wieringa, R., Eck van, P., Steghuis, C., &amp; Proper, E. (2009). <em>Kompetenser f\u00f6r IT-arkitekter, 2:a upplagan.<\/em> NAF - Nederl\u00e4ndernas arkitekturforum f\u00f6r den digitala v\u00e4rlden.<\/a><\/p>\n\n\n\n<p style=\"margin-top:4px;margin-bottom:4px\"><a id=\"_ENREF_22\">Wysocki, R. K. (2011). <em>Aff\u00e4rsanalytikern\/projektledaren: ett nytt partnerskap f\u00f6r att hantera komplexitet och os\u00e4kerhet<\/em>. Hoboken, N.J: John Wiley &amp; Sons.<\/a><\/p>\n\n\n\n<p style=\"margin-top:4px;margin-bottom:4px\"><a id=\"_ENREF_23\">Zachman, J. A. (1996). <em>F\u00f6retagsarkitektur: \u00c5rhundradets fr\u00e5ga.<\/em> Zachman International\/Zifa.<\/a><\/p>\n\n\n\n<p style=\"margin-top:4px;margin-bottom:4px\"><a id=\"_ENREF_24\">Zimmermann, O., &amp; Miksovic, C. (2012). Beslut som kr\u00e4vs vs. beslut som fattas: Att koppla samman f\u00f6retagsarkitekter och l\u00f6sningsarkitekter via v\u00e4gledningsmodeller <em>Anpassning av f\u00f6retags-, system- och programvaruarkitekturer<\/em> (ss. 176-208).<\/a><\/p>","protected":false},"excerpt":{"rendered":"<p>EA Stakeholders The objective of this section is to determine the Enterprise Architect as a member of the architectural family as the top level IT Management representative. Within an organization, three major groups for the Enterprise Architect to collaborate with are prevalent: 1. the organization\u2019s C-levels, as superior roles as senior management, in an aim [&hellip;]<\/p>\n","protected":false},"author":1,"featured_media":0,"parent":94,"menu_order":0,"comment_status":"closed","ping_status":"closed","template":"page-with-title","meta":{"om_disable_all_campaigns":false,"_monsterinsights_skip_tracking":false,"_monsterinsights_sitenote_active":false,"_monsterinsights_sitenote_note":"","_monsterinsights_sitenote_category":0,"footnotes":""},"class_list":["post-119","page","type-page","status-publish","hentry"],"aioseo_notices":[],"_links":{"self":[{"href":"https:\/\/enterprisearkitekt.se\/sv\/wp-json\/wp\/v2\/pages\/119","targetHints":{"allow":["GET"]}}],"collection":[{"href":"https:\/\/enterprisearkitekt.se\/sv\/wp-json\/wp\/v2\/pages"}],"about":[{"href":"https:\/\/enterprisearkitekt.se\/sv\/wp-json\/wp\/v2\/types\/page"}],"author":[{"embeddable":true,"href":"https:\/\/enterprisearkitekt.se\/sv\/wp-json\/wp\/v2\/users\/1"}],"replies":[{"embeddable":true,"href":"https:\/\/enterprisearkitekt.se\/sv\/wp-json\/wp\/v2\/comments?post=119"}],"version-history":[{"count":0,"href":"https:\/\/enterprisearkitekt.se\/sv\/wp-json\/wp\/v2\/pages\/119\/revisions"}],"up":[{"embeddable":true,"href":"https:\/\/enterprisearkitekt.se\/sv\/wp-json\/wp\/v2\/pages\/94"}],"wp:attachment":[{"href":"https:\/\/enterprisearkitekt.se\/sv\/wp-json\/wp\/v2\/media?parent=119"}],"curies":[{"name":"wp","href":"https:\/\/api.w.org\/{rel}","templated":true}]}}