{"id":116,"date":"2025-08-18T13:40:43","date_gmt":"2025-08-18T11:40:43","guid":{"rendered":"https:\/\/enterprisearkitekt.se\/?page_id=116"},"modified":"2025-09-23T11:30:33","modified_gmt":"2025-09-23T09:30:33","slug":"ramverk","status":"publish","type":"page","link":"https:\/\/enterprisearkitekt.se\/sv\/start\/it-management\/frameworks\/","title":{"rendered":"Ramverk"},"content":{"rendered":"<h3 class=\"wp-block-heading\">Ramverk, verktyg och metoder<\/h3>\n\n\n\n<p>Eftersom EA \u00e4r avsett att hantera komplexitet och anpassningssv\u00e5righeter \u00e4r verktyg och metoder avg\u00f6rande f\u00f6r dess framg\u00e5ng. Ett centralt \u00e4mne f\u00f6r EA \u00e4r d\u00e4rf\u00f6r de ramverk, verktyg och metoder som finns tillg\u00e4ngliga och anv\u00e4nds i en organisation. F\u00f6r vissa \u00e4r dessa ramverk, verktyg och metoder <em>uteslutande<\/em> EA, men den h\u00e4r unders\u00f6kningen f\u00f6respr\u00e5kar inte denna st\u00e5ndpunkt och det finns inte heller n\u00e5gra bel\u00e4gg f\u00f6r denna beskrivning i unders\u00f6kningens empiriska avsnitt.<\/p>\n\n\n\n<p><strong>EA-ramverk:<\/strong><\/p>\n\n\n\n<p><a href=\"#_ENREF_9\">Lewis (2009)<\/a> har identifierat f\u00f6ljande ramverk som dominerande p\u00e5 marknaden f\u00f6r EA-ramverk:<\/p>\n\n\n\n<ul class=\"wp-block-list\">\n<li>Natos ramverk f\u00f6r arkitektur (NAF)<\/li>\n\n\n\n<li>Ramverk f\u00f6r f\u00f6rsvarsministeriets arkitektur (MODAF)<\/li>\n\n\n\n<li>Det amerikanska f\u00f6rsvarsdepartementets ramverk f\u00f6r arkitektur (DODAF)<\/li>\n\n\n\n<li>Den federala f\u00f6retagsarkitekturen (FEA)<\/li>\n\n\n\n<li>Business Enterprise Architecture (BEA)<\/li>\n\n\n\n<li>Australiska regeringens arkitektur (AGA)<\/li>\n<\/ul>\n\n\n\n<p><a href=\"#_ENREF_20\">Sessioner (2007)<\/a> anger dessa fyra ramverk som vanligt f\u00f6rekommande:<\/p>\n\n\n\n<ul class=\"wp-block-list\">\n<li>Zachman-ramverket f\u00f6r f\u00f6retagsarkitekturer<\/li>\n\n\n\n<li>Den \u00f6ppna gruppens arkitektoniska ramverk (TOGAF)<\/li>\n\n\n\n<li>Den federala f\u00f6retagsarkitekturen (FEA)<\/li>\n\n\n\n<li>Gartners metodik<\/li>\n<\/ul>\n\n\n\n<p><strong>EA-verktyg:<\/strong><\/p>\n\n\n\n<p>Flera modellerings- och dokumentationsverktyg finns tillg\u00e4ngliga p\u00e5 marknaden, t.ex:<\/p>\n\n\n\n<ul class=\"wp-block-list\">\n<li>Enterprise Architect av Sparx Systems (<a href=\"http:\/\/www.sparxsystems.com\">www.sparxsystems.com<\/a>)<\/li>\n\n\n\n<li>ARIS av Software AG (<a href=\"http:\/\/www.aris.com\">www.aris.com<\/a>)<\/li>\n\n\n\n<li>MEGA Suite av MEGA International (<a href=\"http:\/\/www.mega.com\">www.mega.com<\/a>)<\/li>\n\n\n\n<li>Qualiware av Qualiware (<a href=\"http:\/\/www.qualiware.com\">www.qualiware.com<\/a>)<\/li>\n<\/ul>\n\n\n\n<p>F\u00f6rutom de ramverk, metoder och EA-verktyg som listas h\u00e4r finns det en hel del andra tillg\u00e4ngliga p\u00e5 marknaden. Det kan dock vara en f\u00f6rdel att ha bra valm\u00f6jligheter, eftersom det stora utbudet av verktyg p\u00e5 marknaden kan motverka standardisering och en allm\u00e4nt vedertagen definition av EA. N\u00e4sta \u00e4mne att ta upp \u00e4r utmaningarna f\u00f6r EA.<\/p>\n\n\n\n<h3 class=\"wp-block-heading\">Viktiga utmaningar f\u00f6r EA<\/h3>\n\n\n\n<p>F\u00f6r en modern organisation finns det en hel del utmaningar, t.ex. p\u00e5verkan fr\u00e5n globalisering, \u00f6kad aff\u00e4rsrisk, nya teknikspr\u00e5ng och det organisatoriska testet att antingen sl\u00e5 samman eller avgr\u00e4nsa en verksamhet. Den fulla potentialen fr\u00e5n EA kan sannolikt ses i n\u00e5gra av utmaningarna nedan, varf\u00f6r det finns ett starkt behov av att behandla implementeringen och underh\u00e5llet av EA p\u00e5 en anst\u00e4ndig niv\u00e5.<\/p>\n\n\n\n<p>F\u00f6r enterprisearkitektur funktionen finns det n\u00e5gra viktiga utmaningar att ta itu med, till exempel:<\/p>\n\n\n\n<p><strong>Allm\u00e4nt accepterad definition<\/strong><\/p>\n\n\n\n<p>En allm\u00e4nt accepterad definition av EA \u00e4r en f\u00f6ruts\u00e4ttning f\u00f6r att EA ska f\u00e5 ett brett genomslag. <a href=\"#_ENREF_8\">Lapalme (2012)<\/a>&nbsp;har funnit tre stora skolor f\u00f6r EA: Enterprise IT Architecting, Enterprise Integrating och Enterprise Ecological Adaptation.<\/p>\n\n\n\n<p><strong>Globalisering<\/strong><\/p>\n\n\n\n<p>L\u00e4nder och f\u00f6retag som inte inser globaliseringens komplexitet och underl\u00e5ter att vidta l\u00e4mpliga \u00e5tg\u00e4rder kommer att f\u00f6rlora komparativa f\u00f6rdelar p\u00e5 l\u00e5ng sikt (<a href=\"#_ENREF_1\">Baines &amp; Ursah, 2009<\/a>).<\/p>\n\n\n\n<p><strong>Aff\u00e4rsrisk<\/strong><\/p>\n\n\n\n<p>En viktig utmaning f\u00f6r EA \u00e4r att minska risken genom att balansera risk och avkastning (<a href=\"#_ENREF_25\">Weill &amp; Broadbent, 2009<\/a>), genom att f\u00f6rutse och f\u00f6rutse risker (<a href=\"#_ENREF_7\">Koletar, 2010<\/a>).<\/p>\n\n\n\n<p><strong>Ofta upprepade f\u00f6rfr\u00e5gningar fr\u00e5n verksamheten<\/strong><\/p>\n\n\n\n<p>Verksamheten avsl\u00f6jas med att upprepade g\u00e5nger st\u00e4lla fr\u00e5gor till IT-dom\u00e4nen f\u00f6r att f\u00f6rb\u00e4ttra dess f\u00f6rm\u00e5ga att f\u00f6renkla vissa processer, s\u00e5som enkel \u00e5tkomst till system (t.ex. genom en enda inloggning) med bibeh\u00e5llen informationss\u00e4kerhet (<a href=\"#_ENREF_3\">Bosworth m.fl. 2009<\/a>), agil verksamhet (<a href=\"#_ENREF_12\">Meyer-Stabley, 2014<\/a>) p\u00e5 en fortsatt kostnadseffektiv verksamhet och en stabil milj\u00f6 (<a href=\"#_ENREF_22\">Spielvogel m.fl. 2011<\/a>).<\/p>\n\n\n\n<p><strong>Ut\u00f6kad teknik<\/strong><\/p>\n\n\n\n<p>Att samordna de olika sensorerna och deras f\u00f6rm\u00e5ga att rapportera tillst\u00e5nd och arrangemang, det s\u00e5 kallade sakernas internet, \u00e4r en s\u00e4rskild utmaning som m\u00e5ste samordnas och utnyttjas p\u00e5 ett anst\u00e4ndigt s\u00e4tt (<a href=\"#_ENREF_11\">McEwen &amp; Cassimally, 2014<\/a>), och att presentera insamlade data i form av information och kunskap (<a href=\"#_ENREF_21\">Simon, 2014<\/a>), som dessutom efterfr\u00e5gar allest\u00e4des n\u00e4rvarande datorsystem (<a href=\"#_ENREF_16\">Resatsch, 2010<\/a>).<\/p>\n\n\n\n<p><strong>H\u00e5llbar EA<\/strong><\/p>\n\n\n\n<p><a href=\"#_ENREF_4\">Hausman (2011)<\/a> visar p\u00e5 sv\u00e5righeterna med att inf\u00f6ra h\u00e5llbar milj\u00f6ledning och utnyttja f\u00f6rdelarna med ett r\u00f6rligt m\u00e5l, som verksamheten kan beskrivas. De operativa aspekterna av h\u00e5llbar EA omfattar milj\u00f6h\u00e4nsyn i gr\u00f6n processhantering (<a href=\"#_ENREF_19\">Seidel m.fl. 2012<\/a>), och gr\u00f6n IT-drift (<a href=\"#_ENREF_13\">Murugesan &amp; Gangadharan, 2012<\/a>).<\/p>\n\n\n\n<p><strong>M\u00e4tning av mognadsgrad<\/strong><\/p>\n\n\n\n<p>F\u00f6r att positionera EA i en viss organisation \u00e4r det viktigt att \u00f6vervaka mognaden och effektiviteten hos EA, enligt Steenbergen, van (<a href=\"#_ENREF_23\">2011<\/a>).<\/p>\n\n\n\n<p><strong>Mergers &amp; Acquisitions och avyttringar av aff\u00e4rsenheter<\/strong><\/p>\n\n\n\n<p>I det moderna n\u00e4ringslivet \u00e4r det vanligt med f\u00f6rv\u00e4rv och avyttring av dotterbolag i samband med strategiska kurs\u00e4ndringar. Dotterbolagets informationsberoende till andra dotterbolag \u00e4r av s\u00e4rskilt intresse ur ett arkitektoniskt perspektiv (<a href=\"#_ENREF_18\">Roehl-Anderson, 2013<\/a>).<\/p>\n\n\n\n<p>Majoriteten av de organisationer som \u00e4r involverade i dagens aff\u00e4rsverksamhet har en hel del hinder att \u00f6vervinna och utmaningar att m\u00f6ta. EA kan i viss m\u00e5n fungera som en v\u00e4gledning f\u00f6r dessa utmaningar, s\u00e4rskilt n\u00e4r flera fr\u00e5gor m\u00e5ste hanteras parallellt. I n\u00e4sta underavsnitt kommer vi att g\u00e5 igenom n\u00e5gra av de vanligaste kritiska synpunkterna p\u00e5 EA.<\/p>\n\n\n\n<h3 class=\"wp-block-heading\">Synen av EA<\/h3>\n\n\n\n<p>Som s\u00e5 m\u00e5nga andra \u00e4mnen som dyker upp i aff\u00e4rsv\u00e4rlden har EA ifr\u00e5gasatts och utsatts f\u00f6r kritik.<\/p>\n\n\n\n<p>EA-omr\u00e5det har varit f\u00f6rem\u00e5l f\u00f6r en del kritik. Anstr\u00e4ngningen att fokusera det arkitektoniska arbetet till f\u00f6rm\u00e5n f\u00f6r f\u00f6rdelarna och v\u00e4rdet av EA f\u00f6r verksamheten, som kallas elfenbenstornet (<a href=\"#_ENREF_2\">Bok, 2009<\/a>; <a href=\"#_ENREF_5\">James, 1917<\/a>) f\u00f6r EA, avbildas av <a href=\"#_ENREF_14\">Perks &amp; Beveridge (2004)<\/a>. <a href=\"#_ENREF_6\">Kemp &amp; McManus (2009)<\/a> anser att EA \u00e4r teknikstyrd, dogmatisk med en futuristisk strategi som aldrig kommer att uppfyllas. <a href=\"#_ENREF_15\">Rehkopf &amp; Wybolt (2003)<\/a> har i sin tur hittat tio landminor fr\u00e5n EA. Utmaningarna med implementeringen beskrivs av <a href=\"#_ENREF_10\">L\u00f6he &amp; Legner (2014)<\/a> som avsaknad av auktoritet f\u00f6r enterprisearkitekter och en vag v\u00e4gledning i litteraturen om hur EA ska implementeras i en organisation. Dessutom kan den underm\u00e5liga kvaliteten p\u00e5 relationen mellan arkitekturledningen och IT-ledningen leda till att aff\u00e4rsv\u00e4rdet av EA blir lidande (<a href=\"#_ENREF_10\">L\u00f6he &amp; Legner, 2014<\/a>). F\u00f6rm\u00e5ner som inte kan utv\u00e4rderas eller m\u00e4tas, eller f\u00f6rm\u00e5ner som ingen har, en s\u00e5dan f\u00f6rm\u00e5n och dess implicita v\u00e4rde existerar inte i verkligheten, r\u00e5dgivning <a href=\"#_ENREF_24\">Ward &amp; Daniel (2006)<\/a>. Att hantera EA-\u00e4mnen p\u00e5 en l\u00e5g niv\u00e5 kan vara framg\u00e5ngsrikt, men aggregerat till dess h\u00f6gsta niv\u00e5 (<a href=\"#_ENREF_10\">L\u00f6he &amp; Legner, 2014<\/a>) f\u00f6rvandlas till ett \"Wicked Problem\", som beskrivs av <a href=\"#_ENREF_17\">Ritchey (2011)<\/a>. \"Vart ska EA?\", fr\u00e5gar <a href=\"#_ENREF_6\">Kemp &amp; McManus (2009)<\/a>.<\/p>\n\n\n\n<p>Om EA-implementeringen forceras f\u00f6r h\u00e5rt eller f\u00f6r snabbt kan det leda till att EA blir ett separat fenomen, skilt fr\u00e5n verksamheten och med ett obetydligt v\u00e4rde- och nyttobidrag till verksamheten.<\/p>\n\n\n\n<p>Sammanfattningsvis f\u00f6r detta delavsnitt \u00e4r EA i viss m\u00e5n i sin linda, \u00e4ven om det har funnits i n\u00e5gra decennier. Trots EA:s goda intentioner tar det tid att penetrera och implementera ett fenomen som EA, fr\u00e4mst eftersom EA omfattar flera omr\u00e5den och i viss m\u00e5n \u00e4r m\u00e5ngfacetterat och tv\u00e4rvetenskapligt. I n\u00e4sta avsnitt kommer EA:s intressenter att beskrivas. <a href=\"https:\/\/enterprisearkitekt.se\/sv\/start\/it-management\/intressenter\/\" title=\"\">EA:s intressenter<\/a>.<\/p>\n\n\n\n<p><\/p>\n\n\n\n<p><\/p>\n\n\n\n<div class=\"wp-block-buttons is-content-justification-right is-layout-flex wp-container-core-buttons-is-layout-d445cf74 wp-block-buttons-is-layout-flex\">\n<div class=\"wp-block-button\"><a class=\"wp-block-button__link wp-element-button\" href=\"https:\/\/enterprisearkitekt.se\/sv\/start\/it-management\/intressenter\/\">G\u00e5 till EA-intressenter<\/a><\/div>\n<\/div>\n\n\n\n<hr class=\"wp-block-separator has-alpha-channel-opacity\"\/>\n\n\n\n<p><\/p>\n\n\n\n<p><strong>Sidh\u00e4nvisningar:<\/strong><\/p>\n\n\n\n<p style=\"margin-top:4px;margin-bottom:4px\"><\/p>\n\n\n\n<p style=\"margin-top:4px;margin-bottom:4px\"><a id=\"_ENREF_1\">Baines, H. V., &amp; Ursah, J. R. (2009). <em>Globalisering: f\u00f6rst\u00e5else, hantering och effekter<\/em>. New York: Nova Science Publishers, Inc.<\/a><\/p>\n\n\n\n<p style=\"margin-top:4px;margin-bottom:4px\"><a id=\"_ENREF_2\">Bok, D. C. (2009). <em>Bortom elfenbenstornet<\/em>: Harvard University Press.<\/a><\/p>\n\n\n\n<p style=\"margin-top:4px;margin-bottom:4px\"><a id=\"_ENREF_3\">Bosworth, S., Kabay, M. E., &amp; Whyne, E. (2009). <em>Handbok i datas\u00e4kerhet<\/em>. Hoboken, N.J: John Wiley &amp; Sons.<\/a><\/p>\n\n\n\n<p style=\"margin-top:4px;margin-bottom:4px\"><a id=\"_ENREF_4\">Hausman, K. K. (2011). <em>H\u00e5llbar f\u00f6retagsarkitektur<\/em>. Boca Raton, Florida: CRC Press.<\/a><\/p>\n\n\n\n<p style=\"margin-top:4px;margin-bottom:4px\"><a id=\"_ENREF_5\">James, H. (1917). <em>Elfenbenstornet <\/em>&nbsp;&nbsp;H\u00e4mtad fr\u00e5n <\/a><a href=\"http:\/\/www.henryjames.org.uk\/itower\/\">http:\/\/www.henryjames.org.uk\/itower\/<\/a><\/p>\n\n\n\n<p style=\"margin-top:4px;margin-bottom:4px\"><a id=\"_ENREF_6\">Kemp, P., &amp; McManus, J. (2009). Vad h\u00e4nder med f\u00f6retagsarkitekturen? <em>ITNow, 51<\/em>(2), ss: 20-21, doi:10.1093\/itnow\/bwp032.<\/a><\/p>\n\n\n\n<p style=\"margin-top:4px;margin-bottom:4px\"><a id=\"_ENREF_7\">Koletar, J. W. (2010). <em>T\u00e4nk nytt om risk: hur f\u00f6retag saboterar f\u00f6r sig sj\u00e4lva och vad de m\u00e5ste g\u00f6ra annorlunda<\/em>. New York: American Management Association.<\/a><\/p>\n\n\n\n<p style=\"margin-top:4px;margin-bottom:4px\"><a id=\"_ENREF_8\">Lapalme, J. (2012). Tre tankeskolor om f\u00f6retagsarkitektur. <em>IT-professionell, 14<\/em>(6), ss: 37-43, doi:10.1109\/MITP.2011.109.<\/a><\/p>\n\n\n\n<p style=\"margin-top:4px;margin-bottom:4px\"><a id=\"_ENREF_9\">Lewis, E. (2009). Grunden f\u00f6r Enterprise Architecture. <\/a><a href=\"http:\/\/layrib.com\/\">http:\/\/layrib.com\/<\/a><\/p>\n\n\n\n<p style=\"margin-top:4px;margin-bottom:4px\"><a id=\"_ENREF_10\">L\u00f6he, J., &amp; Legner, C. (2014). Att \u00f6vervinna implementeringsutmaningar i f\u00f6retagsarkitekturhantering: En designteori f\u00f6r arkitekturdriven IT-hantering (ADRIMA). <em>Informationssystem och e-Business Management, 12<\/em>(1), ss: 101-137.<\/a><\/p>\n\n\n\n<p style=\"margin-top:4px;margin-bottom:4px\"><a id=\"_ENREF_11\">McEwen, A., &amp; Cassimally, H. (2014). <em>Utformning av sakernas internet<\/em>. Chichester, West Sussex, U.K.: John Wiley &amp; Sons Ltd.<\/a><\/p>\n\n\n\n<p style=\"margin-top:4px;margin-bottom:4px\"><a id=\"_ENREF_12\">Meyer-Stabley, B. (2014). <em>Agile: det goda, det upphaussade och det fula<\/em>. Schweiz: Springer.<\/a><\/p>\n\n\n\n<p style=\"margin-top:4px;margin-bottom:4px\"><a id=\"_ENREF_13\">Murugesan, S., &amp; Gangadharan, G. R. (2012). <em>Utnyttja gr\u00f6n IT: Principer och praxis<\/em>: Wiley.<\/a><\/p>\n\n\n\n<p style=\"margin-top:4px;margin-bottom:4px\"><a id=\"_ENREF_14\">Perks, C., &amp; Beveridge, T. (2004). <em>Guide till f\u00f6retagets IT-arkitektur<\/em>. New York: Springer.<\/a><\/p>\n\n\n\n<p style=\"margin-top:4px;margin-bottom:4px\"><a id=\"_ENREF_15\">Rehkopf, T. W., &amp; Wybolt, N. (2003). Topp 10 landminor inom arkitektur. <em>IT Pro november december 2003<\/em>.<\/a><\/p>\n\n\n\n<p style=\"margin-top:4px;margin-bottom:4px\"><a id=\"_ENREF_16\">Resatsch, F. (2010). <em>Ubiquitous Computing<\/em>. Wiesbaden: Springer Fachmedien.<\/a><\/p>\n\n\n\n<p style=\"margin-top:4px;margin-bottom:4px\"><a id=\"_ENREF_17\">Ritchey, T. (2011). <em>Onda problem - social r\u00f6ra: beslutsst\u00f6dsmodellering med morfologisk analys<\/em> (Vol. 17; 17.). Berlin; Heidelberg; New York: Springer.<\/a><\/p>\n\n\n\n<p style=\"margin-top:4px;margin-bottom:4px\"><a id=\"_ENREF_18\">Roehl-Anderson, J. M. (2013). <em>Wiley Finance: M&amp;a Information Technology Best Practices<\/em>: John Wiley &amp; Sons.<\/a><\/p>\n\n\n\n<p style=\"margin-top:4px;margin-bottom:4px\"><a id=\"_ENREF_19\">Seidel, S., Brocke, J. v., &amp; Recker, J. (2012). <em>Gr\u00f6n hantering av aff\u00e4rsprocesser<\/em>. DE: Springer Verlag.<\/a><\/p>\n\n\n\n<p style=\"margin-top:4px;margin-bottom:4px\"><a id=\"_ENREF_20\">Sessions, R. (2007). <em>J\u00e4mf\u00f6relse av de fyra b\u00e4sta metoderna f\u00f6r f\u00f6retagsarkitektur.<\/em> Object Watch Inc.<\/a><\/p>\n\n\n\n<p style=\"margin-top:4px;margin-bottom:4px\"><a id=\"_ENREF_21\">Simon, P. (2014). <em>Den visuella organisationen: datavisualisering, big data och str\u00e4van efter b\u00e4ttre beslut<\/em>. Hoboken, N.J: John Wiley &amp; Sons.<\/a><\/p>\n\n\n\n<p style=\"margin-top:4px;margin-bottom:4px\"><a id=\"_ENREF_22\">Spielvogel, P., Haworth, J., &amp; Hickey, S. (2011). <em>IT operations management tweet: hantera din IT-infrastruktur i en tid av komplexitet<\/em>. Cupertino, Kalifornien: Thinkaha.<\/a><\/p>\n\n\n\n<p style=\"margin-top:4px;margin-bottom:4px\"><a id=\"_ENREF_23\">Steenbergen van, M. (2011). Maturitet och effektivitet i f\u00f6retagsarkitektur. I S. Brinkkemper &amp; R. Bos (Eds.): Utrecht University.<\/a><\/p>\n\n\n\n<p style=\"margin-top:4px;margin-bottom:4px\"><a id=\"_ENREF_24\">Ward, J., &amp; Daniel, E. (2006). <em>Nyttohantering: s\u00e5 \u00f6kar du aff\u00e4rsnyttan av dina IT-projekt<\/em>. Chichester, West Sussex, U.K.: John Wiley &amp; Sons.<\/a><\/p>\n\n\n\n<p style=\"margin-top:4px;margin-bottom:4px\"><a id=\"_ENREF_25\">Weill, P., &amp; Broadbent, M. (2009). <em>Utnyttja den nya infrastrukturen: hur marknadsledare drar nytta av informationstekniken<\/em>. Boston, Massachusetts: Harvard Business School Press.<\/a><\/p>","protected":false},"excerpt":{"rendered":"<p>Frameworks, tools and methods Since the EA is intended to deal with complexity and alignment difficulties, tools and methods are essential to its success. Thus, a central topic of EA is the frameworks, tools, and methodology available and used in an organization. For some, these frameworks, tools and methods are exclusively the EA while this [&hellip;]<\/p>\n","protected":false},"author":2,"featured_media":0,"parent":94,"menu_order":0,"comment_status":"closed","ping_status":"closed","template":"page-with-title","meta":{"om_disable_all_campaigns":false,"_monsterinsights_skip_tracking":false,"_monsterinsights_sitenote_active":false,"_monsterinsights_sitenote_note":"","_monsterinsights_sitenote_category":0,"footnotes":""},"class_list":["post-116","page","type-page","status-publish","hentry"],"aioseo_notices":[],"_links":{"self":[{"href":"https:\/\/enterprisearkitekt.se\/sv\/wp-json\/wp\/v2\/pages\/116","targetHints":{"allow":["GET"]}}],"collection":[{"href":"https:\/\/enterprisearkitekt.se\/sv\/wp-json\/wp\/v2\/pages"}],"about":[{"href":"https:\/\/enterprisearkitekt.se\/sv\/wp-json\/wp\/v2\/types\/page"}],"author":[{"embeddable":true,"href":"https:\/\/enterprisearkitekt.se\/sv\/wp-json\/wp\/v2\/users\/2"}],"replies":[{"embeddable":true,"href":"https:\/\/enterprisearkitekt.se\/sv\/wp-json\/wp\/v2\/comments?post=116"}],"version-history":[{"count":0,"href":"https:\/\/enterprisearkitekt.se\/sv\/wp-json\/wp\/v2\/pages\/116\/revisions"}],"up":[{"embeddable":true,"href":"https:\/\/enterprisearkitekt.se\/sv\/wp-json\/wp\/v2\/pages\/94"}],"wp:attachment":[{"href":"https:\/\/enterprisearkitekt.se\/sv\/wp-json\/wp\/v2\/media?parent=116"}],"curies":[{"name":"wp","href":"https:\/\/api.w.org\/{rel}","templated":true}]}}