{"id":103,"date":"2025-08-18T13:25:59","date_gmt":"2025-08-18T11:25:59","guid":{"rendered":"https:\/\/enterprisearkitekt.se\/?page_id=103"},"modified":"2025-09-23T14:50:15","modified_gmt":"2025-09-23T12:50:15","slug":"it-styrning","status":"publish","type":"page","link":"https:\/\/enterprisearkitekt.se\/sv\/start\/it-management\/it-governance\/","title":{"rendered":"IT Governance"},"content":{"rendered":"<p><\/p>\n\n\n\n<h2 class=\"wp-block-heading\">IT Governance<\/h2>\n\n\n\n<p>Enterprisearkitekten betraktas som en medlem av IT-styrningsgruppen inom en organisation. IT-styrningsgruppen \u00e4r t\u00e4nkt att vara utf\u00e4rdare av ramverk, metoder och riktlinjer och att genomf\u00f6ra f\u00f6rstudier och utv\u00e4rderingar som svarar mot den r\u00e5dande aff\u00e4rs- och IT-strategin f\u00f6r organisationen. \u00c4ven om IT-styrningsgruppen \u00e4r avsedd att \"styra\" IT-verksamheten, \u00e4r enterprisearkitektens roll tillt\u00e4nkt att \"v\u00e4gleda\" IT-verksamheten.<\/p>\n\n\n\n<p><a href=\"#_ENREF_7\">Weill &amp; Ross (2004)<\/a> definierar IT-styrning som <em>\"Ramverket f\u00f6r beslutsr\u00e4tt och ansvarighet f\u00f6r att uppmuntra \u00f6nskv\u00e4rda beteenden vid anv\u00e4ndning av IT\"<\/em> (p.2). Enterprisearkitektur (EA) betraktas som en del av IT-styrningsmodellen f\u00f6r organisationen, d\u00e4r styrningsmodellen inte bara omfattar EA, utan \u00e4ven IT-principerna, IT-infrastrukturen, behovet av aff\u00e4rsapplikationer och investeringskrav (<a href=\"#_ENREF_6\">Ross m.fl. 2006<\/a>). <a href=\"#_ENREF_8\">Weill &amp; Woodham (2002)<\/a> har identifierat fem olika arketyper f\u00f6r IT-styrning som: <em>aff\u00e4rsmonarkin<\/em> d\u00e4r C-niv\u00e5erna inom verksamheten har beslutsr\u00e4tt inom dom\u00e4nen; <em>IT-monarkin<\/em>, som identifierar CIO eller IT-cheferna med beslutsr\u00e4tt inom detta omr\u00e5de; <em>den feodala<\/em> d\u00e4r aff\u00e4rsenhetscheferna har beslutsr\u00e4tt i dom\u00e4nen; <em>den federala<\/em> d\u00e4r beslutander\u00e4tten delas mellan h\u00f6gre chefer, aff\u00e4rsenhetsledare, process\u00e4gare, IT-chefer och slutanv\u00e4ndare; och slutligen beskrivs som <em>Anarkin<\/em> d\u00e4r det inte finns n\u00e5gon uppenbar eller avsedd struktur f\u00f6r beslutsr\u00e4ttigheter. <a href=\"#_ENREF_5\">Niemann (2006)<\/a> skiljer EA fr\u00e5n IT-styrning, d\u00e4r IT-styrning \u00e4r avsedd att styra IT-verksamheten medan EA \u00e4r avsedd att styra IT-verksamheten. Ur ett h\u00f6gre ledningsperspektiv \u00e4r det viktigt f\u00f6r f\u00f6retagsledare att kvantifiera det aff\u00e4rsv\u00e4rde som h\u00e4rr\u00f6r fr\u00e5n (IT-)teknik (<a href=\"#_ENREF_2\">Evans, 2009<\/a>). F\u00f6ljaktligen \u00e4r f\u00f6ruts\u00e4ttningen f\u00f6r b\u00e5de m\u00e4tningar (KPI:er) eller verktyg som Balanced Scorecard (<a href=\"#_ENREF_4\">Kaplan &amp; Norton, 1996<\/a>) \u00e4r viktiga f\u00f6r b\u00e5de IT-styrning och EA, f\u00f6r att visualisera framsteg och resultat p\u00e5 IT Service Management-niv\u00e5 (<a href=\"#_ENREF_1\">Esposito &amp; Rogers, 2013<\/a>). Dessa f\u00f6rfattare betonar behovet av en IT Service Management-kommitt\u00e9 som sammantr\u00e4der i syfte att successivt och i enlighet med detta vidta \u00e5tg\u00e4rder f\u00f6r att g\u00f6ra anpassningen av IT-verksamheten effektiv. Grembergen, van &amp; Haes, de (<a href=\"#_ENREF_3\">2009<\/a>) skiljer IT-styrning fr\u00e5n f\u00f6retagsstyrning av IT.<\/p>\n\n\n\n<p>Enligt detta syns\u00e4tt inneb\u00e4r IT-styrning att enterprisearkitekten blir en organisatorisk guide f\u00f6r den kommande verksamheten, och dessutom en f\u00f6ruts\u00e4ttning f\u00f6r att m\u00e4ta EA-verksamhetens framg\u00e5ngar. I n\u00e4sta avsnitt relateras EA till andra arkitekturer.<\/p>\n\n\n\n<p><\/p>\n\n\n\n<p><\/p>\n\n\n\n<div class=\"wp-block-buttons is-content-justification-right is-layout-flex wp-container-core-buttons-is-layout-d445cf74 wp-block-buttons-is-layout-flex\">\n<div class=\"wp-block-button\"><a class=\"wp-block-button__link wp-element-button\" href=\"\/sv\/start\/it-management\/koncept-for-arkitektur\/\">G\u00e5 till EA och andra arkitekturer<\/a><\/div>\n<\/div>\n\n\n\n<p><\/p>\n\n\n\n<hr class=\"wp-block-separator has-alpha-channel-opacity\"\/>\n\n\n\n<p><\/p>\n\n\n\n<p><strong>Sidh\u00e4nvisningar<\/strong><\/p>\n\n\n\n<p style=\"margin-top:4px\"><\/p>\n\n\n\n<p style=\"margin-top:4px\"><a id=\"_ENREF_1\">Esposito, A., &amp; Rogers, T. (2013). <em>Tio steg till ITSM-framg\u00e5ng: en praktisk guide till IT-omvandling i f\u00f6retag<\/em>. Ely, Cambridgeshire: IT Governance Publishing.<\/a><\/p>\n\n\n\n<p style=\"margin-top:4px\"><a id=\"_ENREF_2\">Evans, B. (2009). Mandat fr\u00e5n VD till CIO: Kvantifiera aff\u00e4rsv\u00e4rdet av IT. <em>InformationWeek<\/em>(1228), ss: 8-8.<\/a><\/p>\n\n\n\n<p style=\"margin-top:4px\"><a id=\"_ENREF_3\">Grembergen van, W., &amp; Haes de, S. (2009). <em>F\u00f6retagsstyrning av informationsteknik: uppn\u00e5 strategisk anpassning och v\u00e4rde<\/em>. New York: Springer.<\/a><\/p>\n\n\n\n<p style=\"margin-top:4px\"><a id=\"_ENREF_4\">Kaplan, R. S., &amp; Norton, D. P. (1996). <em>Det balanserade styrkortet: att oms\u00e4tta strategi till handling<\/em>. Boston, Massachusetts: Harvard Business School Press.<\/a><\/p>\n\n\n\n<p style=\"margin-top:4px\"><a id=\"_ENREF_5\">Niemann, K. (2006). <em>Fr\u00e5n f\u00f6retagsarkitektur till IT-styrning<\/em>: Vieweg.<\/a><\/p>\n\n\n\n<p style=\"margin-top:4px\"><a id=\"_ENREF_6\">Ross, J. W., Weill, P. och Robertson, D. C. (2006). <em>Enterprisearkitektur som strategi: att skapa en grund f\u00f6r aff\u00e4rsutf\u00f6rande<\/em>. Boston, Massachusetts: Harvard Business School.<\/a><\/p>\n\n\n\n<p style=\"margin-top:4px\"><a id=\"_ENREF_7\">Weill, P., &amp; Ross, J. W. (2004). <em>IT-styrning p\u00e5 en sida.<\/em> Massachusetts: CISR WP No. 349 och Sloan WP No. 4516-04.<\/a><\/p>\n\n\n\n<p style=\"margin-top:4px\"><a id=\"_ENREF_8\">Weill, P., &amp; Woodham, R. (2002). <em>Inte bara leda, utan \u00e4ven styra: Implementering av effektiv IT-styrning.<\/em> Cambridge Massachusetts: CISR WP nr 326. MIT Cambridge Massachusetts. April 2002.<\/a><\/p>","protected":false},"excerpt":{"rendered":"<p>IT Governance The Enterprise Architect is considered as a member of the IT Governance team within an organization. The IT governance team is intended to be the issuer of frameworks, methods and guidelines, and to conduct pre-studies and evaluations as responding to the prevalent business and IT strategy for the organization. Though, the IT governance [&hellip;]<\/p>\n","protected":false},"author":2,"featured_media":0,"parent":94,"menu_order":0,"comment_status":"closed","ping_status":"closed","template":"page-with-title","meta":{"om_disable_all_campaigns":false,"_monsterinsights_skip_tracking":false,"_monsterinsights_sitenote_active":false,"_monsterinsights_sitenote_note":"","_monsterinsights_sitenote_category":0,"footnotes":""},"class_list":["post-103","page","type-page","status-publish","hentry"],"aioseo_notices":[],"_links":{"self":[{"href":"https:\/\/enterprisearkitekt.se\/sv\/wp-json\/wp\/v2\/pages\/103","targetHints":{"allow":["GET"]}}],"collection":[{"href":"https:\/\/enterprisearkitekt.se\/sv\/wp-json\/wp\/v2\/pages"}],"about":[{"href":"https:\/\/enterprisearkitekt.se\/sv\/wp-json\/wp\/v2\/types\/page"}],"author":[{"embeddable":true,"href":"https:\/\/enterprisearkitekt.se\/sv\/wp-json\/wp\/v2\/users\/2"}],"replies":[{"embeddable":true,"href":"https:\/\/enterprisearkitekt.se\/sv\/wp-json\/wp\/v2\/comments?post=103"}],"version-history":[{"count":0,"href":"https:\/\/enterprisearkitekt.se\/sv\/wp-json\/wp\/v2\/pages\/103\/revisions"}],"up":[{"embeddable":true,"href":"https:\/\/enterprisearkitekt.se\/sv\/wp-json\/wp\/v2\/pages\/94"}],"wp:attachment":[{"href":"https:\/\/enterprisearkitekt.se\/sv\/wp-json\/wp\/v2\/media?parent=103"}],"curies":[{"name":"wp","href":"https:\/\/api.w.org\/{rel}","templated":true}]}}